{"id":479,"date":"2023-05-15T17:18:22","date_gmt":"2023-05-15T17:18:22","guid":{"rendered":"https:\/\/dmwealthmanagement.com\/financial-disclosure\/"},"modified":"2023-07-02T15:31:56","modified_gmt":"2023-07-02T15:31:56","slug":"financial-disclosure","status":"publish","type":"page","link":"https:\/\/dmwealthmanagement.com\/es\/financial-disclosure\/","title":{"rendered":"Divulgaci\u00f3n financiera"},"content":{"rendered":"<p>Insigneo Securities, LLC (\u201cIS\u201d) e Insigneo Advisory Services, LLC (\u201cIAS\u201d) han aprobado a Cristina M\u00e9ndez, Zoraida D\u00edaz y Debra Tyler, representantes de IS e IAS, para llevar a cabo sus actividades de valores y asesor\u00eda al hacer negocios como DM Wealth Management Group (\u201cDMW\u201d). DMW no es en s\u00ed mismo un corredor de bolsa ni un asesor de inversiones. Insigneo Financial Group, LLC comprende una serie de empresas operativas dedicadas a la oferta de productos y servicios de corretaje y asesor\u00eda en varias jurisdicciones, principalmente en Latinoam\u00e9rica. Los productos y servicios de corretaje se ofrecen a trav\u00e9s de Insigneo International Financial Services, LLC, con sede en Puerto Rico, y de Insigneo Securities, LLC, con sede en Miami. Ambas son miembros de la Autoridad Reguladora de la Industria Financiera (FINRA) y de la Corporaci\u00f3n de Protecci\u00f3n de Inversionistas en Valores (SIPC). Los productos y servicios de asesor\u00eda de inversiones se ofrecen a trav\u00e9s de Insigneo Advisory Services, LLC, un asesor de inversiones registrado en la Comisi\u00f3n de Valores y Bolsa. En Uruguay, la asesor\u00eda se brinda a trav\u00e9s de Insigneo International Asesores de Inversi\u00f3n Uruguay, SA, Insigneo Asesores de Inversi\u00f3n Latam, SRL e Insigneo Asesores de Inversi\u00f3n de Uruguay, SRL, en Argentina a trav\u00e9s de Insigneo Argentina, SAU, y en Chile a trav\u00e9s de Insigneo Asesor\u00edas Financieras, SPA. Para obtener m\u00e1s informaci\u00f3n sobre los corredores de bolsa, incluidos sus conflictos de intereses y pr\u00e1cticas de compensaci\u00f3n, visite  <a href=\"https:\/\/insigneo.com\/disclosures\/\" target=\"_blank\" rel=\"noopener\">https:\/\/insigneo.com\/disclosures\/<\/a> o <a href=\"http:\/\/www.finra.org\" target=\"_blank\" rel=\"noopener\">www.finra.org<\/a>. Para obtener m\u00e1s informaci\u00f3n sobre Insigneo Advisory Services, LLC y cualquier conflicto relacionado con sus servicios de asesor\u00eda, consulte su Formulario ADV y el folleto que se puede encontrar en el sitio web de Divulgaci\u00f3n p\u00fablica de asesores de inversiones en  <a href=\"https:\/\/adviserinfo.sec.gov\/\" target=\"_blank\" rel=\"noopener\">https:\/\/adviserinfo.sec.gov\/<\/a><\/p>\n","protected":false},"excerpt":{"rendered":"<p>Insigneo Securities, LLC (\u201cIS\u201d) e Insigneo Advisory Services, LLC (\u201cIAS\u201d) han aprobado a Cristina M\u00e9ndez, Zoraida D\u00edaz y Debra Tyler, representantes de IS e IAS, para llevar a cabo sus actividades de valores y asesor\u00eda al hacer negocios como DM Wealth Management Group (\u201cDMW\u201d). DMW no es en s\u00ed mismo un corredor de bolsa ni [&hellip;]<\/p>\n","protected":false},"author":1,"featured_media":0,"parent":0,"menu_order":0,"comment_status":"closed","ping_status":"closed","template":"template-legal.php","meta":{"_acf_changed":false,"inline_featured_image":false,"footnotes":""},"class_list":["post-479","page","type-page","status-publish","hentry"],"acf":[],"yoast_head":"<!-- This site is optimized with the Yoast SEO plugin v26.0 - https:\/\/yoast.com\/wordpress\/plugins\/seo\/ -->\n<title>Divulgaci\u00f3n financiera - DMWealth Management<\/title>\n<meta name=\"robots\" content=\"index, follow, max-snippet:-1, max-image-preview:large, max-video-preview:-1\" \/>\n<link rel=\"canonical\" href=\"https:\/\/dmwealthmanagement.com\/es\/financial-disclosure\/\" \/>\n<meta property=\"og:locale\" content=\"es_ES\" \/>\n<meta property=\"og:type\" content=\"article\" \/>\n<meta property=\"og:title\" content=\"Divulgaci\u00f3n financiera - DMWealth Management\" \/>\n<meta property=\"og:description\" content=\"Insigneo Securities, LLC (\u201cIS\u201d) e Insigneo Advisory Services, LLC (\u201cIAS\u201d) han aprobado a Cristina M\u00e9ndez, Zoraida D\u00edaz y Debra Tyler, representantes de IS e IAS, para llevar a cabo sus actividades de valores y asesor\u00eda al hacer negocios como DM Wealth Management Group (\u201cDMW\u201d). DMW no es en s\u00ed mismo un corredor de bolsa ni [&hellip;]\" \/>\n<meta property=\"og:url\" content=\"https:\/\/dmwealthmanagement.com\/es\/financial-disclosure\/\" \/>\n<meta property=\"og:site_name\" content=\"DMWealth Management\" \/>\n<meta property=\"article:modified_time\" content=\"2023-07-02T15:31:56+00:00\" \/>\n<meta property=\"og:image\" content=\"https:\/\/dmwealthmanagement.com\/wp-content\/uploads\/2023\/07\/home-new-featured.jpg\" \/>\n\t<meta property=\"og:image:width\" content=\"800\" \/>\n\t<meta property=\"og:image:height\" content=\"1200\" \/>\n\t<meta property=\"og:image:type\" content=\"image\/jpeg\" \/>\n<meta name=\"twitter:card\" content=\"summary_large_image\" \/>\n<meta name=\"twitter:label1\" content=\"Tiempo de lectura\" \/>\n\t<meta name=\"twitter:data1\" content=\"2 minutos\" \/>\n<script type=\"application\/ld+json\" class=\"yoast-schema-graph\">{\"@context\":\"https:\/\/schema.org\",\"@graph\":[{\"@type\":\"WebPage\",\"@id\":\"https:\/\/dmwealthmanagement.com\/es\/financial-disclosure\/\",\"url\":\"https:\/\/dmwealthmanagement.com\/es\/financial-disclosure\/\",\"name\":\"Divulgaci\u00f3n financiera - DMWealth Management\",\"isPartOf\":{\"@id\":\"https:\/\/dmwealthmanagement.com\/es\/#website\"},\"datePublished\":\"2023-05-15T17:18:22+00:00\",\"dateModified\":\"2023-07-02T15:31:56+00:00\",\"breadcrumb\":{\"@id\":\"https:\/\/dmwealthmanagement.com\/es\/financial-disclosure\/#breadcrumb\"},\"inLanguage\":\"es\",\"potentialAction\":[{\"@type\":\"ReadAction\",\"target\":[\"https:\/\/dmwealthmanagement.com\/es\/financial-disclosure\/\"]}]},{\"@type\":\"BreadcrumbList\",\"@id\":\"https:\/\/dmwealthmanagement.com\/es\/financial-disclosure\/#breadcrumb\",\"itemListElement\":[{\"@type\":\"ListItem\",\"position\":1,\"name\":\"Home\",\"item\":\"https:\/\/dmwealthmanagement.com\/es\/\"},{\"@type\":\"ListItem\",\"position\":2,\"name\":\"Divulgaci\u00f3n financiera\"}]},{\"@type\":\"WebSite\",\"@id\":\"https:\/\/dmwealthmanagement.com\/es\/#website\",\"url\":\"https:\/\/dmwealthmanagement.com\/es\/\",\"name\":\"DMWealth Management\",\"description\":\"\",\"publisher\":{\"@id\":\"https:\/\/dmwealthmanagement.com\/es\/#organization\"},\"potentialAction\":[{\"@type\":\"SearchAction\",\"target\":{\"@type\":\"EntryPoint\",\"urlTemplate\":\"https:\/\/dmwealthmanagement.com\/es\/?s={search_term_string}\"},\"query-input\":{\"@type\":\"PropertyValueSpecification\",\"valueRequired\":true,\"valueName\":\"search_term_string\"}}],\"inLanguage\":\"es\"},{\"@type\":\"Organization\",\"@id\":\"https:\/\/dmwealthmanagement.com\/es\/#organization\",\"name\":\"DMWealth Management\",\"url\":\"https:\/\/dmwealthmanagement.com\/es\/\",\"logo\":{\"@type\":\"ImageObject\",\"inLanguage\":\"es\",\"@id\":\"https:\/\/dmwealthmanagement.com\/es\/#\/schema\/logo\/image\/\",\"url\":\"https:\/\/dmwealthmanagement.com\/wp-content\/uploads\/2023\/04\/dmwealth-logo-1.svg\",\"contentUrl\":\"https:\/\/dmwealthmanagement.com\/wp-content\/uploads\/2023\/04\/dmwealth-logo-1.svg\",\"width\":224,\"height\":48,\"caption\":\"DMWealth Management\"},\"image\":{\"@id\":\"https:\/\/dmwealthmanagement.com\/es\/#\/schema\/logo\/image\/\"}}]}<\/script>\n<!-- \/ Yoast SEO plugin. -->","yoast_head_json":{"title":"Divulgaci\u00f3n financiera - DMWealth Management","robots":{"index":"index","follow":"follow","max-snippet":"max-snippet:-1","max-image-preview":"max-image-preview:large","max-video-preview":"max-video-preview:-1"},"canonical":"https:\/\/dmwealthmanagement.com\/es\/financial-disclosure\/","og_locale":"es_ES","og_type":"article","og_title":"Divulgaci\u00f3n financiera - DMWealth Management","og_description":"Insigneo Securities, LLC (\u201cIS\u201d) e Insigneo Advisory Services, LLC (\u201cIAS\u201d) han aprobado a Cristina M\u00e9ndez, Zoraida D\u00edaz y Debra Tyler, representantes de IS e IAS, para llevar a cabo sus actividades de valores y asesor\u00eda al hacer negocios como DM Wealth Management Group (\u201cDMW\u201d). DMW no es en s\u00ed mismo un corredor de bolsa ni [&hellip;]","og_url":"https:\/\/dmwealthmanagement.com\/es\/financial-disclosure\/","og_site_name":"DMWealth Management","article_modified_time":"2023-07-02T15:31:56+00:00","og_image":[{"width":800,"height":1200,"url":"https:\/\/dmwealthmanagement.com\/wp-content\/uploads\/2023\/07\/home-new-featured.jpg","type":"image\/jpeg"}],"twitter_card":"summary_large_image","twitter_misc":{"Tiempo de lectura":"2 minutos"},"schema":{"@context":"https:\/\/schema.org","@graph":[{"@type":"WebPage","@id":"https:\/\/dmwealthmanagement.com\/es\/financial-disclosure\/","url":"https:\/\/dmwealthmanagement.com\/es\/financial-disclosure\/","name":"Divulgaci\u00f3n financiera - DMWealth Management","isPartOf":{"@id":"https:\/\/dmwealthmanagement.com\/es\/#website"},"datePublished":"2023-05-15T17:18:22+00:00","dateModified":"2023-07-02T15:31:56+00:00","breadcrumb":{"@id":"https:\/\/dmwealthmanagement.com\/es\/financial-disclosure\/#breadcrumb"},"inLanguage":"es","potentialAction":[{"@type":"ReadAction","target":["https:\/\/dmwealthmanagement.com\/es\/financial-disclosure\/"]}]},{"@type":"BreadcrumbList","@id":"https:\/\/dmwealthmanagement.com\/es\/financial-disclosure\/#breadcrumb","itemListElement":[{"@type":"ListItem","position":1,"name":"Home","item":"https:\/\/dmwealthmanagement.com\/es\/"},{"@type":"ListItem","position":2,"name":"Divulgaci\u00f3n financiera"}]},{"@type":"WebSite","@id":"https:\/\/dmwealthmanagement.com\/es\/#website","url":"https:\/\/dmwealthmanagement.com\/es\/","name":"DMWealth Management","description":"","publisher":{"@id":"https:\/\/dmwealthmanagement.com\/es\/#organization"},"potentialAction":[{"@type":"SearchAction","target":{"@type":"EntryPoint","urlTemplate":"https:\/\/dmwealthmanagement.com\/es\/?s={search_term_string}"},"query-input":{"@type":"PropertyValueSpecification","valueRequired":true,"valueName":"search_term_string"}}],"inLanguage":"es"},{"@type":"Organization","@id":"https:\/\/dmwealthmanagement.com\/es\/#organization","name":"DMWealth Management","url":"https:\/\/dmwealthmanagement.com\/es\/","logo":{"@type":"ImageObject","inLanguage":"es","@id":"https:\/\/dmwealthmanagement.com\/es\/#\/schema\/logo\/image\/","url":"https:\/\/dmwealthmanagement.com\/wp-content\/uploads\/2023\/04\/dmwealth-logo-1.svg","contentUrl":"https:\/\/dmwealthmanagement.com\/wp-content\/uploads\/2023\/04\/dmwealth-logo-1.svg","width":224,"height":48,"caption":"DMWealth Management"},"image":{"@id":"https:\/\/dmwealthmanagement.com\/es\/#\/schema\/logo\/image\/"}}]}},"_links":{"self":[{"href":"https:\/\/dmwealthmanagement.com\/es\/wp-json\/wp\/v2\/pages\/479","targetHints":{"allow":["GET"]}}],"collection":[{"href":"https:\/\/dmwealthmanagement.com\/es\/wp-json\/wp\/v2\/pages"}],"about":[{"href":"https:\/\/dmwealthmanagement.com\/es\/wp-json\/wp\/v2\/types\/page"}],"author":[{"embeddable":true,"href":"https:\/\/dmwealthmanagement.com\/es\/wp-json\/wp\/v2\/users\/1"}],"replies":[{"embeddable":true,"href":"https:\/\/dmwealthmanagement.com\/es\/wp-json\/wp\/v2\/comments?post=479"}],"version-history":[{"count":3,"href":"https:\/\/dmwealthmanagement.com\/es\/wp-json\/wp\/v2\/pages\/479\/revisions"}],"predecessor-version":[{"id":482,"href":"https:\/\/dmwealthmanagement.com\/es\/wp-json\/wp\/v2\/pages\/479\/revisions\/482"}],"wp:attachment":[{"href":"https:\/\/dmwealthmanagement.com\/es\/wp-json\/wp\/v2\/media?parent=479"}],"curies":[{"name":"wp","href":"https:\/\/api.w.org\/{rel}","templated":true}]}}